{"id":3277,"date":"2026-03-24T10:15:12","date_gmt":"2026-03-24T10:15:12","guid":{"rendered":"https:\/\/depa-dienstleistung.de\/?page_id=3277"},"modified":"2026-04-01T21:09:11","modified_gmt":"2026-04-01T21:09:11","slug":"impressum","status":"publish","type":"page","link":"https:\/\/depa-dienstleistung.de\/?page_id=3277","title":{"rendered":"Impressum"},"content":{"rendered":"\t\t<div data-elementor-type=\"wp-page\" data-elementor-id=\"3277\" class=\"elementor elementor-3277\" data-elementor-post-type=\"page\">\n\t\t\t\t<div class=\"elementor-element elementor-element-27b8840 e-flex e-con-boxed e-con e-parent\" data-id=\"27b8840\" data-element_type=\"container\" data-e-type=\"container\">\n\t\t\t\t\t<div class=\"e-con-inner\">\n\t\t\t\t<div class=\"elementor-element elementor-element-822f600 elementor-widget elementor-widget-text-editor\" data-id=\"822f600\" data-element_type=\"widget\" data-e-type=\"widget\" data-widget_type=\"text-editor.default\">\n\t\t\t\t\t\t\t\t\t<div class=\"elementor elementor-515 post-2260 page type-page status-publish hentry\" data-elementor-type=\"wpr-theme-builder\" data-elementor-id=\"515\"><section class=\"elementor-section elementor-top-section elementor-element elementor-element-ae1d144 elementor-section-boxed elementor-section-height-default elementor-section-height-default wpr-particle-no wpr-jarallax-no wpr-parallax-no wpr-sticky-section-no\" data-id=\"ae1d144\" data-element_type=\"section\" data-e-type=\"section\"><div class=\"elementor-container elementor-column-gap-default\"><div class=\"elementor-column elementor-col-100 elementor-top-column elementor-element elementor-element-73e7825\" data-id=\"73e7825\" data-element_type=\"column\" data-e-type=\"column\"><div class=\"elementor-widget-wrap elementor-element-populated\"><div class=\"elementor-element elementor-element-30368dd elementor-widget elementor-widget-wpr-post-content\" data-id=\"30368dd\" data-element_type=\"widget\" data-e-type=\"widget\" data-widget_type=\"wpr-post-content.default\"><div class=\"elementor-widget-container\"><div class=\"wpr-post-content\"><div class=\"elementor elementor-2260\" data-elementor-type=\"wp-page\" data-elementor-id=\"2260\"><div class=\"elementor-element elementor-element-cfd9eb2 e-flex e-con-boxed wpr-particle-no wpr-jarallax-no wpr-parallax-no wpr-sticky-section-no e-con e-parent e-lazyloaded\" data-id=\"cfd9eb2\" data-element_type=\"container\" data-e-type=\"container\"><div class=\"e-con-inner\"><div class=\"elementor-element elementor-element-9490bc8 elementor-widget elementor-widget-text-editor\" data-id=\"9490bc8\" data-element_type=\"widget\" data-e-type=\"widget\" data-widget_type=\"text-editor.default\"><div class=\"elementor-widget-container\"><h2><strong>Impressum<\/strong><\/h2><h3>Angaben gem\u00e4\u00df \u00a7 5 TMG<\/h3><p>Denise Jazdzynski<br \/>DePa Dienstleistung<br \/>Wilhelmshavener Str. 17<br \/>24105 Kiel<\/p><h3>Kontakt<\/h3><p>Telefon: 0176 30121151<br \/>E-Mail: info@depa-dienstleistung.de<\/p><h3>Umsatzsteuer-ID<\/h3><p>Umsatzsteuer-Identifikationsnummer gem\u00e4\u00df \u00a7 27 a Umsatzsteuergesetz:<br \/>20\/058\/07957<\/p><h3>EU-Streitschlichtung<\/h3><p>Die Europ\u00e4ische Kommission stellt eine Plattform zur Online-Streitbeilegung (OS) bereit: <a href=\"https:\/\/ec.europa.eu\/consumers\/odr\/\" target=\"_blank\" rel=\"noopener noreferrer\">https:\/\/ec.europa.eu\/consumers\/odr\/<\/a>.<br \/>Unsere E-Mail-Adresse finden Sie oben im Impressum.<\/p><h3>Verbraucher\u00adstreit\u00adbeilegung\/Universal\u00adschlichtungs\u00adstelle<\/h3><p>Wir sind nicht bereit oder verpflichtet, an Streitbeilegungsverfahren vor einer Verbraucherschlichtungsstelle teilzunehmen.<\/p><p>Quelle: www.e-recht24.de<\/p><h4><strong>Bildnachweise:<\/strong><\/h4><p>Startseite, von oben<\/p><p>Hintergrund Adobe Stock, <em>Wayhome Studio<\/em>, \u2022 Istockfoto, <em>matspersson \u2022 <\/em>Adobe Stock,<em><span class=\"blue science-text\" data-t=\"detail-panel-content-author-name\"> \u041f\u0435\u0442\u0440 \u0421\u043c\u0430\u0433\u0438\u043d \u2022 <\/span><\/em><span class=\"blue science-text\" data-t=\"detail-panel-content-author-name\">Istockfoto,<\/span><em><span class=\"blue science-text\" data-t=\"detail-panel-content-author-name\"> <span class=\"Details-module__contributor_name___lugKP\">LightFieldStudios<\/span><\/span><\/em><\/p><p><strong>Fensterfolien, von oben<\/strong><\/p><p>Hintergrund Pexels \u2022 Avery Dennison \u2022 Avery Dennison \u2022 Pexels \u2022 Adobe Stock, <em>ALF Foto \u2022 <\/em>3M_AG4<\/p><p><strong>Fensterreinigung, von oben<\/strong><\/p><p>Hintergrund Adobe Stock, <span class=\"blue science-text\" data-t=\"detail-panel-content-author-name\"><em>Tomasz Zajda \u2022 <\/em>Adobe Stock, <em>Pixel-Shot\u00a0<\/em><\/span><\/p><p><strong>Geb\u00e4udereinigung, von oben<\/strong><\/p><p>Hintergrund Image by www.freepik.com\/free-photo\/woman-holding-pile-clean-clothes_18845179 \u2022 Adobe Stock, <em><span class=\"blue science-text\" data-t=\"detail-panel-content-author-name\">Pixel-Shot <\/span>\u2022 <\/em>Adobe Stock,<em><span class=\"blue science-text\" data-t=\"detail-panel-content-author-name\">Pixel-Shot <\/span>\u2022 <\/em>Adobe Stock, <em><span class=\"blue science-text\" data-t=\"detail-panel-content-author-name\">dragonstock<\/span><\/em><\/p><p><strong>Kontakt<\/strong><\/p><p>Adobe Stock <span class=\"blue science-text\" data-t=\"detail-panel-content-author-name\"><em> Jirapong<\/em> <\/span><\/p><h2>Disclaimer<\/h2><h3>1. Warnhinweis zu Inhalten<\/h3><p>Die kostenlosen und frei zug\u00e4nglichen Inhalte dieser Webseite wurden mit gr\u00f6\u00dftm\u00f6glicher Sorgfalt erstellt. Der Anbieter dieser Webseite \u00fcbernimmt jedoch keine Gew\u00e4hr f\u00fcr die Richtigkeit und Aktualit\u00e4t der bereitgestellten kostenlosen und frei zug\u00e4nglichen journalistischen Ratgeber und Nachrichten. Die Nutzung dieser Webseiteninhalte erfolgt auf eigene Gefahr. Allein durch den Aufruf dieser kostenlosen und frei zug\u00e4nglichen Inhalte kommt keinerlei Vertragsverh\u00e4ltnis zwischen dem Nutzer und dem Anbieter zustande, insoweit fehlt es am Rechtsbindungswillen des Anbieters.<\/p><h3>2. Verlinkungen<\/h3><p>Die Webseite enth\u00e4lt Verlinkungen zu anderen Webseiten (\u201eexterne Links\u201c). Diese Webseiten unterliegen der Haftung der jeweiligen Seitenbetreiber. Bei Verkn\u00fcpfung der externen Links waren keine Rechtsverst\u00f6\u00dfe ersichtlich. Auf die aktuelle und k\u00fcnftige Gestaltung der verlinkten Seiten hat der Anbieter keinen Einfluss. Die permanente \u00dcberpr\u00fcfung der externen Links ist f\u00fcr den Anbieter ohne konkrete Hinweise auf Rechtsverst\u00f6\u00dfe nicht zumutbar. Bei Bekanntwerden von Rechtsverst\u00f6\u00dfen werden die betroffenen externen Links unverz\u00fcglich gel\u00f6scht.<\/p><h3>3. Urheberrecht \/ Leistungsschutzrecht<\/h3><p>Die auf dieser Webseite durch den Anbieter ver\u00f6ffentlichten Inhalte unterliegen dem deutschen Urheberrecht und Leistungsschutzrecht. Alle vom deutschen Urheber- und Leistungsschutzrecht nicht zugelassene Verwertung bedarf der vorherigen schriftlichen Zustimmung des Anbieters oder jeweiligen Rechteinhabers. Dies gilt vor allem f\u00fcr Vervielf\u00e4ltigung, Bearbeitung, \u00dcbersetzung, Einspeicherung, Verarbeitung bzw. Wiedergabe von Inhalten in Datenbanken oder anderen elektronischen Medien und Systemen. Dabei sind Inhalte und Rechte Dritter als solche gekennzeichnet. Das unerlaubte Kopieren der Webseiteninhalte oder der kompletten Webseite ist nicht gestattet und strafbar. Lediglich die Herstellung von Kopien und Downloads f\u00fcr den pers\u00f6nlichen, privaten und nicht kommerziellen Gebrauch ist erlaubt.<\/p><p>Diese Website darf ohne schriftliche Erlaubnis nicht durch Dritte in Frames oder iFrames dargestellt werden.<\/p><h3>4. Keine Werbung<\/h3><p>Die Verwendung der Kontaktdaten des Impressums zur gewerblichen Werbung ist ausdr\u00fccklich nicht erw\u00fcnscht, es sei denn der Anbieter hatte zuvor seine schriftliche Einwilligung erteilt oder es besteht bereits eine Gesch\u00e4ftsbeziehung. Der Anbieter und alle auf dieser Website genannten Personen widersprechen hiermit jeder kommerziellen Verwendung und Weitergabe ihrer Daten.<\/p><h3>5. Besondere Nutzungsbedingungen<\/h3><p>Soweit besondere Bedingungen f\u00fcr einzelne Nutzungen dieser Website von den vorgenannten Nummern 1. bis 4. abweichen, wird an entsprechender Stelle ausdr\u00fccklich darauf hingewiesen. In diesem Falle gelten im jeweiligen Einzelfall die besonderen Bedingungen.<\/p><\/div><\/div><\/div><\/div><\/div><\/div><\/div><\/div><\/div><\/div><\/div><\/section><\/div>\t\t\t\t\t\t\t\t<\/div>\n\t\t\t\t\t<\/div>\n\t\t\t\t<\/div>\n\t\t\t\t<\/div>\n\t\t","protected":false},"excerpt":{"rendered":"<p>Impressum Angaben gem\u00e4\u00df \u00a7 5 TMG Denise JazdzynskiDePa DienstleistungWilhelmshavener Str. 1724105 Kiel Kontakt Telefon: 0176 30121151E-Mail: info@depa-dienstleistung.de Umsatzsteuer-ID Umsatzsteuer-Identifikationsnummer gem\u00e4\u00df \u00a7 27 a Umsatzsteuergesetz:20\/058\/07957 EU-Streitschlichtung Die Europ\u00e4ische Kommission stellt eine Plattform zur Online-Streitbeilegung (OS) bereit: https:\/\/ec.europa.eu\/consumers\/odr\/.Unsere E-Mail-Adresse finden Sie oben im Impressum. Verbraucher\u00adstreit\u00adbeilegung\/Universal\u00adschlichtungs\u00adstelle Wir sind nicht bereit oder verpflichtet, an Streitbeilegungsverfahren vor einer Verbraucherschlichtungsstelle teilzunehmen. [&hellip;]<\/p>\n","protected":false},"author":1,"featured_media":0,"parent":0,"menu_order":0,"comment_status":"closed","ping_status":"closed","template":"elementor_header_footer","meta":{"footnotes":""},"class_list":["post-3277","page","type-page","status-publish","hentry"],"yoast_head":"<!-- This site is optimized with the Yoast SEO plugin v27.4 - https:\/\/yoast.com\/product\/yoast-seo-wordpress\/ -->\n<title>Impressum - depa-dienstleistung<\/title>\n<meta name=\"robots\" content=\"index, follow, max-snippet:-1, max-image-preview:large, max-video-preview:-1\" \/>\n<link rel=\"canonical\" href=\"https:\/\/depa-dienstleistung.de\/?page_id=3277\" \/>\n<meta property=\"og:locale\" content=\"de_DE\" \/>\n<meta property=\"og:type\" content=\"article\" \/>\n<meta property=\"og:title\" content=\"Impressum - depa-dienstleistung\" \/>\n<meta property=\"og:description\" content=\"Impressum Angaben gem\u00e4\u00df \u00a7 5 TMG Denise JazdzynskiDePa DienstleistungWilhelmshavener Str. 1724105 Kiel Kontakt Telefon: 0176 30121151E-Mail: info@depa-dienstleistung.de Umsatzsteuer-ID Umsatzsteuer-Identifikationsnummer gem\u00e4\u00df \u00a7 27 a Umsatzsteuergesetz:20\/058\/07957 EU-Streitschlichtung Die Europ\u00e4ische Kommission stellt eine Plattform zur Online-Streitbeilegung (OS) bereit: https:\/\/ec.europa.eu\/consumers\/odr\/.Unsere E-Mail-Adresse finden Sie oben im Impressum. Verbraucher\u00adstreit\u00adbeilegung\/Universal\u00adschlichtungs\u00adstelle Wir sind nicht bereit oder verpflichtet, an Streitbeilegungsverfahren vor einer Verbraucherschlichtungsstelle teilzunehmen. [&hellip;]\" \/>\n<meta property=\"og:url\" content=\"https:\/\/depa-dienstleistung.de\/?page_id=3277\" \/>\n<meta property=\"og:site_name\" content=\"depa-dienstleistung\" \/>\n<meta property=\"article:modified_time\" content=\"2026-04-01T21:09:11+00:00\" \/>\n<meta name=\"twitter:card\" content=\"summary_large_image\" \/>\n<meta name=\"twitter:label1\" content=\"Gesch\u00e4tzte Lesezeit\" \/>\n\t<meta name=\"twitter:data1\" content=\"2\u00a0Minuten\" \/>\n<script type=\"application\/ld+json\" class=\"yoast-schema-graph\">{\"@context\":\"https:\\\/\\\/schema.org\",\"@graph\":[{\"@type\":\"WebPage\",\"@id\":\"https:\\\/\\\/depa-dienstleistung.de\\\/?page_id=3277\",\"url\":\"https:\\\/\\\/depa-dienstleistung.de\\\/?page_id=3277\",\"name\":\"Impressum - depa-dienstleistung\",\"isPartOf\":{\"@id\":\"https:\\\/\\\/depa-dienstleistung.de\\\/#website\"},\"datePublished\":\"2026-03-24T10:15:12+00:00\",\"dateModified\":\"2026-04-01T21:09:11+00:00\",\"breadcrumb\":{\"@id\":\"https:\\\/\\\/depa-dienstleistung.de\\\/?page_id=3277#breadcrumb\"},\"inLanguage\":\"de\",\"potentialAction\":[{\"@type\":\"ReadAction\",\"target\":[\"https:\\\/\\\/depa-dienstleistung.de\\\/?page_id=3277\"]}]},{\"@type\":\"BreadcrumbList\",\"@id\":\"https:\\\/\\\/depa-dienstleistung.de\\\/?page_id=3277#breadcrumb\",\"itemListElement\":[{\"@type\":\"ListItem\",\"position\":1,\"name\":\"Start\",\"item\":\"https:\\\/\\\/depa-dienstleistung.de\\\/\"},{\"@type\":\"ListItem\",\"position\":2,\"name\":\"Impressum\"}]},{\"@type\":\"WebSite\",\"@id\":\"https:\\\/\\\/depa-dienstleistung.de\\\/#website\",\"url\":\"https:\\\/\\\/depa-dienstleistung.de\\\/\",\"name\":\"depa-dienstleistung\",\"description\":\"\",\"publisher\":{\"@id\":\"https:\\\/\\\/depa-dienstleistung.de\\\/#organization\"},\"potentialAction\":[{\"@type\":\"SearchAction\",\"target\":{\"@type\":\"EntryPoint\",\"urlTemplate\":\"https:\\\/\\\/depa-dienstleistung.de\\\/?s={search_term_string}\"},\"query-input\":{\"@type\":\"PropertyValueSpecification\",\"valueRequired\":true,\"valueName\":\"search_term_string\"}}],\"inLanguage\":\"de\"},{\"@type\":\"Organization\",\"@id\":\"https:\\\/\\\/depa-dienstleistung.de\\\/#organization\",\"name\":\"depa-dienstleistung\",\"url\":\"https:\\\/\\\/depa-dienstleistung.de\\\/\",\"logo\":{\"@type\":\"ImageObject\",\"inLanguage\":\"de\",\"@id\":\"https:\\\/\\\/depa-dienstleistung.de\\\/#\\\/schema\\\/logo\\\/image\\\/\",\"url\":\"https:\\\/\\\/depa-dienstleistung.de\\\/wp-content\\\/uploads\\\/2026\\\/03\\\/Logo-DePa-Internet-neu.jpg\",\"contentUrl\":\"https:\\\/\\\/depa-dienstleistung.de\\\/wp-content\\\/uploads\\\/2026\\\/03\\\/Logo-DePa-Internet-neu.jpg\",\"width\":352,\"height\":400,\"caption\":\"depa-dienstleistung\"},\"image\":{\"@id\":\"https:\\\/\\\/depa-dienstleistung.de\\\/#\\\/schema\\\/logo\\\/image\\\/\"},\"sameAs\":[\"https:\\\/\\\/www.instagram.com\\\/depa_dienstleistung\\\/\"]}]}<\/script>\n<!-- \/ Yoast SEO plugin. -->","yoast_head_json":{"title":"Impressum - depa-dienstleistung","robots":{"index":"index","follow":"follow","max-snippet":"max-snippet:-1","max-image-preview":"max-image-preview:large","max-video-preview":"max-video-preview:-1"},"canonical":"https:\/\/depa-dienstleistung.de\/?page_id=3277","og_locale":"de_DE","og_type":"article","og_title":"Impressum - depa-dienstleistung","og_description":"Impressum Angaben gem\u00e4\u00df \u00a7 5 TMG Denise JazdzynskiDePa DienstleistungWilhelmshavener Str. 1724105 Kiel Kontakt Telefon: 0176 30121151E-Mail: info@depa-dienstleistung.de Umsatzsteuer-ID Umsatzsteuer-Identifikationsnummer gem\u00e4\u00df \u00a7 27 a Umsatzsteuergesetz:20\/058\/07957 EU-Streitschlichtung Die Europ\u00e4ische Kommission stellt eine Plattform zur Online-Streitbeilegung (OS) bereit: https:\/\/ec.europa.eu\/consumers\/odr\/.Unsere E-Mail-Adresse finden Sie oben im Impressum. Verbraucher\u00adstreit\u00adbeilegung\/Universal\u00adschlichtungs\u00adstelle Wir sind nicht bereit oder verpflichtet, an Streitbeilegungsverfahren vor einer Verbraucherschlichtungsstelle teilzunehmen. [&hellip;]","og_url":"https:\/\/depa-dienstleistung.de\/?page_id=3277","og_site_name":"depa-dienstleistung","article_modified_time":"2026-04-01T21:09:11+00:00","twitter_card":"summary_large_image","twitter_misc":{"Gesch\u00e4tzte Lesezeit":"2\u00a0Minuten"},"schema":{"@context":"https:\/\/schema.org","@graph":[{"@type":"WebPage","@id":"https:\/\/depa-dienstleistung.de\/?page_id=3277","url":"https:\/\/depa-dienstleistung.de\/?page_id=3277","name":"Impressum - depa-dienstleistung","isPartOf":{"@id":"https:\/\/depa-dienstleistung.de\/#website"},"datePublished":"2026-03-24T10:15:12+00:00","dateModified":"2026-04-01T21:09:11+00:00","breadcrumb":{"@id":"https:\/\/depa-dienstleistung.de\/?page_id=3277#breadcrumb"},"inLanguage":"de","potentialAction":[{"@type":"ReadAction","target":["https:\/\/depa-dienstleistung.de\/?page_id=3277"]}]},{"@type":"BreadcrumbList","@id":"https:\/\/depa-dienstleistung.de\/?page_id=3277#breadcrumb","itemListElement":[{"@type":"ListItem","position":1,"name":"Start","item":"https:\/\/depa-dienstleistung.de\/"},{"@type":"ListItem","position":2,"name":"Impressum"}]},{"@type":"WebSite","@id":"https:\/\/depa-dienstleistung.de\/#website","url":"https:\/\/depa-dienstleistung.de\/","name":"depa-dienstleistung","description":"","publisher":{"@id":"https:\/\/depa-dienstleistung.de\/#organization"},"potentialAction":[{"@type":"SearchAction","target":{"@type":"EntryPoint","urlTemplate":"https:\/\/depa-dienstleistung.de\/?s={search_term_string}"},"query-input":{"@type":"PropertyValueSpecification","valueRequired":true,"valueName":"search_term_string"}}],"inLanguage":"de"},{"@type":"Organization","@id":"https:\/\/depa-dienstleistung.de\/#organization","name":"depa-dienstleistung","url":"https:\/\/depa-dienstleistung.de\/","logo":{"@type":"ImageObject","inLanguage":"de","@id":"https:\/\/depa-dienstleistung.de\/#\/schema\/logo\/image\/","url":"https:\/\/depa-dienstleistung.de\/wp-content\/uploads\/2026\/03\/Logo-DePa-Internet-neu.jpg","contentUrl":"https:\/\/depa-dienstleistung.de\/wp-content\/uploads\/2026\/03\/Logo-DePa-Internet-neu.jpg","width":352,"height":400,"caption":"depa-dienstleistung"},"image":{"@id":"https:\/\/depa-dienstleistung.de\/#\/schema\/logo\/image\/"},"sameAs":["https:\/\/www.instagram.com\/depa_dienstleistung\/"]}]}},"_links":{"self":[{"href":"https:\/\/depa-dienstleistung.de\/index.php?rest_route=\/wp\/v2\/pages\/3277","targetHints":{"allow":["GET"]}}],"collection":[{"href":"https:\/\/depa-dienstleistung.de\/index.php?rest_route=\/wp\/v2\/pages"}],"about":[{"href":"https:\/\/depa-dienstleistung.de\/index.php?rest_route=\/wp\/v2\/types\/page"}],"author":[{"embeddable":true,"href":"https:\/\/depa-dienstleistung.de\/index.php?rest_route=\/wp\/v2\/users\/1"}],"replies":[{"embeddable":true,"href":"https:\/\/depa-dienstleistung.de\/index.php?rest_route=%2Fwp%2Fv2%2Fcomments&post=3277"}],"version-history":[{"count":4,"href":"https:\/\/depa-dienstleistung.de\/index.php?rest_route=\/wp\/v2\/pages\/3277\/revisions"}],"predecessor-version":[{"id":3281,"href":"https:\/\/depa-dienstleistung.de\/index.php?rest_route=\/wp\/v2\/pages\/3277\/revisions\/3281"}],"wp:attachment":[{"href":"https:\/\/depa-dienstleistung.de\/index.php?rest_route=%2Fwp%2Fv2%2Fmedia&parent=3277"}],"curies":[{"name":"wp","href":"https:\/\/api.w.org\/{rel}","templated":true}]}}